{"id":1274,"date":"2023-03-23T10:34:42","date_gmt":"2023-03-23T10:34:42","guid":{"rendered":"https:\/\/hingewear.com\/?page_id=1274"},"modified":"2024-03-13T21:28:24","modified_gmt":"2024-03-13T19:28:24","slug":"info","status":"publish","type":"page","link":"https:\/\/hingewear.com\/en\/info\/","title":{"rendered":"Info"},"content":{"rendered":"<ul>\n<li class=\"p1\"><b>L\u00e4\u00e4tsede kategooriad<\/b><\/li>\n<\/ul>\n<p class=\"p1\"><b>Kategooria 0: <\/b>selged l\u00e4\u00e4tsed, kasutamiseks pilves ilmaga v\u00f5i h\u00e4maras.<\/p>\n<p class=\"p1\"><b>Kategooria 1: <\/b>heledad l\u00e4\u00e4tsed, kasutamiseks pilvetaguse p\u00e4ikesega.<\/p>\n<p class=\"p1\"><b>Kategooria 2: <\/b>keskmise tumedusega l\u00e4\u00e4tsed, kasutamiseks keskmise p\u00e4ikesevalguse puhul.<\/p>\n<p class=\"p1\"><b>Kategooria 3: <\/b>tumedad l\u00e4\u00e4tsed, kasutamiseks keskmise v\u00f5i eredama p\u00e4ikesevalguse puhul.<\/p>\n<p class=\"p1\"><b>Kategooria 4: <\/b>v\u00e4ga tumedad l\u00e4\u00e4tsed, intensiivse p\u00e4ikesevalguse jaoks (st m\u00e4gedel ja liustikel).<br \/>\nHooldus ja materjal.<\/p>\n<ul class=\"ul1\">\n<li class=\"li1\"><b>Hooldus<\/b><br \/>\n&#8211; P\u00e4ikeseprilliklaaside kiireks ja igap\u00e4evaseks puhastamiseks kasuta spetsiaalset prillidega kaasas olevat mikrofiiberist lappi. Vajadusel pese leige vee ja \u00f5rnatoimelise pesuainega, kuivata pehme r\u00e4tikuga.<br \/>\n&#8211; Hoiusta p\u00e4ikeseprillid prillikotis v\u00f5i -karbis.<\/li>\n<\/ul>\n<p class=\"p2\">&#8211; V\u00f5imalusel \u00e4ra puhata prille pabersalvr\u00e4tikuga, sest need v\u00f5ivad sisaldada karedaid osi, mis rikuvad prilliklaase.<\/p>\n<p class=\"p2\">&#8211; Ole ettevaatlik juukselakkide ja parf\u00fc\u00fcmide pihustamisel, kuna need v\u00f5ivad rikkuda klaaside pinnakatte.<\/p>\n<p class=\"p2\">&#8211; Kui asetad prillid lauale, siis veendu, et see toetuks lauale raamiga, mitte klaasidega, kuna prilliraamid v\u00f5ivad v\u00e4\u00e4nduda.<\/p>\n<ul class=\"ul1\">\n<li class=\"li1\"><b>Materjal ja klaasid<\/b><\/li>\n<\/ul>\n<p class=\"p2\">&#8211; TAC Polariseeritud \u2013 mitmekihiline polariseeriv klaas, mis k\u00f5rvaldab pindadelt peegelduvat valgust v\u00e4hendades seel\u00e4bi oluliselt silmade v\u00e4simist.<\/p>\n<p class=\"p2\">&#8211; Cat. 2 UV 400. UV-filter annab silmadele vajaliku kaitse neid kahjustava UVA\/B kiirguse eest, m\u00f5\u00f5dukad l\u00e4\u00e4tsed kaitseks p\u00e4ikese pimestamise eest.<\/p>\n<p class=\"p2\">&#8211; Cat. 3 UV 400. UV-filter annab silmadele vajaliku kaitse neid kahjustava UVA\/B kiirguse eest, blokeerib suurema osa n\u00e4htavast valgusest.<\/p>\n<p class=\"p2\">TR90 \u2013 termoplastik. Kerge, painduv ja vastupidav.<\/p>\n<p class=\"p2\">TR+metal \u2013 termoplastik ja metall. Raam on tehtud nii termoplastikust kui ka metallist.<\/p>\n<p class=\"p2\">PC \u2013 pol\u00fckarbonaat. Vastupidav plastik, ei kriimustu lihtsalt.<\/p>\n<p class=\"p2\">PC+metal \u2013 pol\u00fckarbonaat ja metal. Raam on tehtud nii pol\u00fckarbonaadist kui ka metallist.<\/p>","protected":false},"excerpt":{"rendered":"<p>L\u00e4\u00e4tsede kategooriad Kategooria 0: selged l\u00e4\u00e4tsed, kasutamiseks pilves ilmaga v\u00f5i h\u00e4maras. Kategooria 1: heledad l\u00e4\u00e4tsed, kasutamiseks pilvetaguse p\u00e4ikesega. Kategooria 2: keskmise tumedusega l\u00e4\u00e4tsed, kasutamiseks keskmise p\u00e4ikesevalguse puhul. Kategooria 3: tumedad l\u00e4\u00e4tsed, kasutamiseks keskmise v\u00f5i eredama p\u00e4ikesevalguse puhul. Kategooria 4: v\u00e4ga tumedad l\u00e4\u00e4tsed, intensiivse p\u00e4ikesevalguse jaoks (st m\u00e4gedel ja liustikel). Hooldus ja materjal. Hooldus &#8211; P\u00e4ikeseprilliklaaside [&hellip;]<\/p>\n<div class=\"blog-share-comment\"><a class=\"readmore\" href=\"https:\/\/hingewear.com\/en\/info\/ \">Read More<\/a><\/p>\n<div class=\"blog-share\"><span>Share :<\/span><\/p>\n<div class=\"share-social\">\n<ul>\n<li><a class=\"facebook\" target=\"_blank\" href=\"https:\/\/www.facebook.com\/sharer\/sharer.php?u=https:\/\/hingewear.com\/en\/info\/\"><i class=\"fab fa-facebook\"><\/i><\/a><\/li>\n<li><a class=\"twitter\" target=\"_blank\" href=\"http:\/\/twitter.com\/intent\/tweet?text=Info&#038;url=https:\/\/hingewear.com\/en\/info\/\"><i class=\"fab fa-twitter\"><\/i><\/a><\/li>\n<li><a class=\"pinterest\" target=\"_blank\" href=\"http:\/\/pinterest.com\/pin\/create\/bookmarklet\/?media=&#038;url=https:\/\/hingewear.com\/en\/info\/&#038;is_video=false&#038;description=Info\"><i class=\"fab fa-pinterest\"><\/i><\/a><\/li>\n<\/ul>\n<\/div>\n<\/div>\n<\/div>\n","protected":false},"author":1,"featured_media":0,"parent":0,"menu_order":0,"comment_status":"closed","ping_status":"closed","template":"","meta":{"footnotes":""},"class_list":["post-1274","page","type-page","status-publish","hentry"],"_links":{"self":[{"href":"https:\/\/hingewear.com\/en\/wp-json\/wp\/v2\/pages\/1274","targetHints":{"allow":["GET"]}}],"collection":[{"href":"https:\/\/hingewear.com\/en\/wp-json\/wp\/v2\/pages"}],"about":[{"href":"https:\/\/hingewear.com\/en\/wp-json\/wp\/v2\/types\/page"}],"author":[{"embeddable":true,"href":"https:\/\/hingewear.com\/en\/wp-json\/wp\/v2\/users\/1"}],"replies":[{"embeddable":true,"href":"https:\/\/hingewear.com\/en\/wp-json\/wp\/v2\/comments?post=1274"}],"version-history":[{"count":5,"href":"https:\/\/hingewear.com\/en\/wp-json\/wp\/v2\/pages\/1274\/revisions"}],"predecessor-version":[{"id":1752,"href":"https:\/\/hingewear.com\/en\/wp-json\/wp\/v2\/pages\/1274\/revisions\/1752"}],"wp:attachment":[{"href":"https:\/\/hingewear.com\/en\/wp-json\/wp\/v2\/media?parent=1274"}],"curies":[{"name":"wp","href":"https:\/\/api.w.org\/{rel}","templated":true}]}}