{"id":692,"date":"2020-04-30T11:33:10","date_gmt":"2020-04-30T11:33:10","guid":{"rendered":"https:\/\/flone.hasthemes.com\/?page_id=692"},"modified":"2024-04-09T22:31:48","modified_gmt":"2024-04-09T19:31:48","slug":"meist","status":"publish","type":"page","link":"https:\/\/hingewear.com\/en\/meist\/","title":{"rendered":"Meist"},"content":{"rendered":"<div data-elementor-type=\"wp-page\" data-elementor-id=\"692\" class=\"elementor elementor-692\">\n\t\t\t\t\t\t<section class=\"elementor-section elementor-top-section elementor-element elementor-element-44830d43 pt-100 pb-85 elementor-section-boxed elementor-section-height-default elementor-section-height-default\" data-id=\"44830d43\" data-element_type=\"section\" data-e-type=\"section\">\n\t\t\t\t\t\t<div class=\"elementor-container elementor-column-gap-no\">\n\t\t\t\t\t<div class=\"elementor-column elementor-col-100 elementor-top-column elementor-element elementor-element-263b6e12\" data-id=\"263b6e12\" data-element_type=\"column\" data-e-type=\"column\">\n\t\t\t<div class=\"elementor-widget-wrap elementor-element-populated\">\n\t\t\t\t\t\t<div class=\"elementor-element elementor-element-5064daf elementor-widget elementor-widget-flone_welcome_content\" data-id=\"5064daf\" data-element_type=\"widget\" data-e-type=\"widget\" data-widget_type=\"flone_welcome_content.default\">\n\t\t\t\t<div class=\"elementor-widget-container\">\n\t\t\t\t\t\r\n\t\t<div class=\"welcome-content text-center\">\r\n\t\t\t<h5>Hinge<\/h5>\r\n\t\t\t<h1>Meist l\u00e4hemalt<\/h1>\r\n\t\t\t<p>Hinge Eyewear on Eesti br\u00e4nd, mis pakub p\u00e4ikeseprille vastavalt hooajalistele trendidele kui ka klassikalisi ja ajatuid prillimudeleid. Valikus on esindatud palju erinevate suurustega mudeleid, et iga\u00fcks leiaks vastavalt oma n\u00e4okujule sobivad ja mugavad prillid. Kollektsioonides on esindatud ka v\u00e4rvilised ja p\u00f5nevate raamidega p\u00e4ikeseprillid, mis annavad viimase lihvi kogu outfitile, samas leiad tootevalikust lihtsamaid ning sportlikke mudeleid. \n<\/p>\r\n\t\t<\/div>\r\n\r\n\t\t\t\t<\/div>\n\t\t\t\t<\/div>\n\t\t\t\t\t<\/div>\n\t\t<\/div>\n\t\t\t\t\t<\/div>\n\t\t<\/section>\n\t\t\t\t<section class=\"elementor-section elementor-top-section elementor-element elementor-element-790d6043 pb-40 elementor-section-boxed elementor-section-height-default elementor-section-height-default\" data-id=\"790d6043\" data-element_type=\"section\" data-e-type=\"section\">\n\t\t\t\t\t\t<div class=\"elementor-container elementor-column-gap-extended\">\n\t\t\t\t\t<div class=\"elementor-column elementor-col-33 elementor-top-column elementor-element elementor-element-74757e44\" data-id=\"74757e44\" data-element_type=\"column\" data-e-type=\"column\">\n\t\t\t<div class=\"elementor-widget-wrap elementor-element-populated\">\n\t\t\t\t\t\t<div class=\"elementor-element elementor-element-ad5f325 elementor-widget elementor-widget-image\" data-id=\"ad5f325\" data-element_type=\"widget\" data-e-type=\"widget\" data-widget_type=\"image.default\">\n\t\t\t\t<div class=\"elementor-widget-container\">\n\t\t\t\t\t\t\t\t\t\t\t\t\t\t\t<img fetchpriority=\"high\" decoding=\"async\" width=\"768\" height=\"1024\" src=\"https:\/\/hingewear.com\/wp-content\/uploads\/2024\/04\/IMG_0324-768x1024.jpeg\" class=\"attachment-large size-large wp-image-1858\" alt=\"\" srcset=\"https:\/\/hingewear.com\/wp-content\/uploads\/2024\/04\/IMG_0324-768x1024.jpeg 768w, https:\/\/hingewear.com\/wp-content\/uploads\/2024\/04\/IMG_0324-225x300.jpeg 225w, https:\/\/hingewear.com\/wp-content\/uploads\/2024\/04\/IMG_0324-1152x1536.jpeg 1152w, https:\/\/hingewear.com\/wp-content\/uploads\/2024\/04\/IMG_0324-1536x2048.jpeg 1536w, https:\/\/hingewear.com\/wp-content\/uploads\/2024\/04\/IMG_0324-9x12.jpeg 9w, https:\/\/hingewear.com\/wp-content\/uploads\/2024\/04\/IMG_0324-300x400.jpeg 300w, https:\/\/hingewear.com\/wp-content\/uploads\/2024\/04\/IMG_0324-scaled.jpeg 1920w\" sizes=\"(max-width: 768px) 100vw, 768px\" \/>\t\t\t\t\t\t\t\t\t\t\t\t\t\t\t<\/div>\n\t\t\t\t<\/div>\n\t\t\t\t\t<\/div>\n\t\t<\/div>\n\t\t\t\t<div class=\"elementor-column elementor-col-33 elementor-top-column elementor-element elementor-element-29f47d39 mb-30\" data-id=\"29f47d39\" data-element_type=\"column\" data-e-type=\"column\">\n\t\t\t<div class=\"elementor-widget-wrap elementor-element-populated\">\n\t\t\t\t\t\t<div class=\"elementor-element elementor-element-dfd139c elementor-widget elementor-widget-image\" data-id=\"dfd139c\" data-element_type=\"widget\" data-e-type=\"widget\" data-widget_type=\"image.default\">\n\t\t\t\t<div class=\"elementor-widget-container\">\n\t\t\t\t\t\t\t\t\t\t\t\t\t\t\t<img decoding=\"async\" width=\"768\" height=\"1024\" src=\"https:\/\/hingewear.com\/wp-content\/uploads\/2024\/04\/IMG_0305-768x1024.jpeg\" class=\"attachment-large size-large wp-image-1859\" alt=\"\" srcset=\"https:\/\/hingewear.com\/wp-content\/uploads\/2024\/04\/IMG_0305-768x1024.jpeg 768w, https:\/\/hingewear.com\/wp-content\/uploads\/2024\/04\/IMG_0305-225x300.jpeg 225w, https:\/\/hingewear.com\/wp-content\/uploads\/2024\/04\/IMG_0305-1152x1536.jpeg 1152w, https:\/\/hingewear.com\/wp-content\/uploads\/2024\/04\/IMG_0305-1536x2048.jpeg 1536w, https:\/\/hingewear.com\/wp-content\/uploads\/2024\/04\/IMG_0305-9x12.jpeg 9w, https:\/\/hingewear.com\/wp-content\/uploads\/2024\/04\/IMG_0305-300x400.jpeg 300w, https:\/\/hingewear.com\/wp-content\/uploads\/2024\/04\/IMG_0305-scaled.jpeg 1920w\" sizes=\"(max-width: 768px) 100vw, 768px\" \/>\t\t\t\t\t\t\t\t\t\t\t\t\t\t\t<\/div>\n\t\t\t\t<\/div>\n\t\t\t\t\t<\/div>\n\t\t<\/div>\n\t\t\t\t<div class=\"elementor-column elementor-col-33 elementor-top-column elementor-element elementor-element-76670af4 mb-30\" data-id=\"76670af4\" data-element_type=\"column\" data-e-type=\"column\">\n\t\t\t<div class=\"elementor-widget-wrap elementor-element-populated\">\n\t\t\t\t\t\t<div class=\"elementor-element elementor-element-99aebb1 elementor-widget elementor-widget-image\" data-id=\"99aebb1\" data-element_type=\"widget\" data-e-type=\"widget\" data-widget_type=\"image.default\">\n\t\t\t\t<div class=\"elementor-widget-container\">\n\t\t\t\t\t\t\t\t\t\t\t\t\t\t\t<img decoding=\"async\" width=\"768\" height=\"1024\" src=\"https:\/\/hingewear.com\/wp-content\/uploads\/2024\/04\/IMG_1266-768x1024.jpeg\" class=\"attachment-large size-large wp-image-1857\" alt=\"\" srcset=\"https:\/\/hingewear.com\/wp-content\/uploads\/2024\/04\/IMG_1266-768x1024.jpeg 768w, https:\/\/hingewear.com\/wp-content\/uploads\/2024\/04\/IMG_1266-225x300.jpeg 225w, https:\/\/hingewear.com\/wp-content\/uploads\/2024\/04\/IMG_1266-1152x1536.jpeg 1152w, https:\/\/hingewear.com\/wp-content\/uploads\/2024\/04\/IMG_1266-1536x2048.jpeg 1536w, https:\/\/hingewear.com\/wp-content\/uploads\/2024\/04\/IMG_1266-9x12.jpeg 9w, https:\/\/hingewear.com\/wp-content\/uploads\/2024\/04\/IMG_1266-300x400.jpeg 300w, https:\/\/hingewear.com\/wp-content\/uploads\/2024\/04\/IMG_1266-scaled.jpeg 1920w\" sizes=\"(max-width: 768px) 100vw, 768px\" \/>\t\t\t\t\t\t\t\t\t\t\t\t\t\t\t<\/div>\n\t\t\t\t<\/div>\n\t\t\t\t\t<\/div>\n\t\t<\/div>\n\t\t\t\t\t<\/div>\n\t\t<\/section>\n\t\t\t\t<\/div>","protected":false},"excerpt":{"rendered":"<p>Hinge Meist l\u00e4hemalt Hinge Eyewear on Eesti br\u00e4nd, mis pakub p\u00e4ikeseprille vastavalt hooajalistele trendidele kui ka klassikalisi ja ajatuid prillimudeleid. Valikus on esindatud palju erinevate suurustega mudeleid, et iga\u00fcks leiaks vastavalt oma n\u00e4okujule sobivad ja mugavad prillid. Kollektsioonides on esindatud ka v\u00e4rvilised ja p\u00f5nevate raamidega p\u00e4ikeseprillid, mis annavad viimase lihvi kogu outfitile, samas leiad tootevalikust [&hellip;]<\/p>\n<div class=\"blog-share-comment\"><a class=\"readmore\" href=\"https:\/\/hingewear.com\/en\/meist\/ \">Read More<\/a><\/p>\n<div class=\"blog-share\"><span>Share :<\/span><\/p>\n<div class=\"share-social\">\n<ul>\n<li><a class=\"facebook\" target=\"_blank\" href=\"https:\/\/www.facebook.com\/sharer\/sharer.php?u=https:\/\/hingewear.com\/en\/meist\/\"><i class=\"fab fa-facebook\"><\/i><\/a><\/li>\n<li><a class=\"twitter\" target=\"_blank\" href=\"http:\/\/twitter.com\/intent\/tweet?text=Meist&#038;url=https:\/\/hingewear.com\/en\/meist\/\"><i class=\"fab fa-twitter\"><\/i><\/a><\/li>\n<li><a class=\"pinterest\" target=\"_blank\" href=\"http:\/\/pinterest.com\/pin\/create\/bookmarklet\/?media=&#038;url=https:\/\/hingewear.com\/en\/meist\/&#038;is_video=false&#038;description=Meist\"><i class=\"fab fa-pinterest\"><\/i><\/a><\/li>\n<\/ul>\n<\/div>\n<\/div>\n<\/div>\n","protected":false},"author":1,"featured_media":0,"parent":0,"menu_order":0,"comment_status":"closed","ping_status":"closed","template":"elementor_header_footer","meta":{"footnotes":""},"class_list":["post-692","page","type-page","status-publish","hentry"],"_links":{"self":[{"href":"https:\/\/hingewear.com\/en\/wp-json\/wp\/v2\/pages\/692","targetHints":{"allow":["GET"]}}],"collection":[{"href":"https:\/\/hingewear.com\/en\/wp-json\/wp\/v2\/pages"}],"about":[{"href":"https:\/\/hingewear.com\/en\/wp-json\/wp\/v2\/types\/page"}],"author":[{"embeddable":true,"href":"https:\/\/hingewear.com\/en\/wp-json\/wp\/v2\/users\/1"}],"replies":[{"embeddable":true,"href":"https:\/\/hingewear.com\/en\/wp-json\/wp\/v2\/comments?post=692"}],"version-history":[{"count":22,"href":"https:\/\/hingewear.com\/en\/wp-json\/wp\/v2\/pages\/692\/revisions"}],"predecessor-version":[{"id":1893,"href":"https:\/\/hingewear.com\/en\/wp-json\/wp\/v2\/pages\/692\/revisions\/1893"}],"wp:attachment":[{"href":"https:\/\/hingewear.com\/en\/wp-json\/wp\/v2\/media?parent=692"}],"curies":[{"name":"wp","href":"https:\/\/api.w.org\/{rel}","templated":true}]}}