{"id":1330,"date":"2023-04-10T13:17:05","date_gmt":"2023-04-10T13:17:05","guid":{"rendered":"https:\/\/hingewear.com\/toode\/prillid-trmetall-must\/"},"modified":"2024-04-20T14:19:04","modified_gmt":"2024-04-20T11:19:04","slug":"mustad-polariseeritud-paikeseprillid-pr2","status":"publish","type":"product","link":"https:\/\/hingewear.com\/en\/product\/mustad-polariseeritud-paikeseprillid-pr2\/","title":{"rendered":"Mustad polariseeritud p\u00e4ikeseprillid PR2"},"content":{"rendered":"<p>Musta v\u00e4rvi \u00fcmara raamiga polariseeritud klaasidega p\u00e4ikeseprillid.<\/p>\n<p>Prillidega on kaasas puhastuslapp ja prillikarp.<\/p>","protected":false},"excerpt":{"rendered":"<p>Musta v\u00e4rvi \u00fcmara raamiga polariseeritud klaasidega p\u00e4ikeseprillid.<\/p>","protected":false},"featured_media":1975,"template":"","meta":[],"product_brand":[],"product_cat":[25,24,26],"product_tag":[],"class_list":{"0":"post-1330","1":"product","2":"type-product","3":"status-publish","4":"has-post-thumbnail","6":"product_cat-mehed","7":"product_cat-naised","8":"product_cat-unisex","9":"pa_klaasimaterjal-cat-3-uv400-tac-polariseeritud","10":"pa_klaasitoon-must","11":"pa_moodud-a-55-b-19-c-52-d-146-e-140","12":"pa_raam-trmetall","13":"pa_sugu-unisex","15":"first","16":"instock","17":"taxable","18":"shipping-taxable","19":"purchasable","20":"product-type-simple"},"_links":{"self":[{"href":"https:\/\/hingewear.com\/en\/wp-json\/wp\/v2\/product\/1330","targetHints":{"allow":["GET"]}}],"collection":[{"href":"https:\/\/hingewear.com\/en\/wp-json\/wp\/v2\/product"}],"about":[{"href":"https:\/\/hingewear.com\/en\/wp-json\/wp\/v2\/types\/product"}],"wp:featuredmedia":[{"embeddable":true,"href":"https:\/\/hingewear.com\/en\/wp-json\/wp\/v2\/media\/1975"}],"wp:attachment":[{"href":"https:\/\/hingewear.com\/en\/wp-json\/wp\/v2\/media?parent=1330"}],"wp:term":[{"taxonomy":"product_brand","embeddable":true,"href":"https:\/\/hingewear.com\/en\/wp-json\/wp\/v2\/product_brand?post=1330"},{"taxonomy":"product_cat","embeddable":true,"href":"https:\/\/hingewear.com\/en\/wp-json\/wp\/v2\/product_cat?post=1330"},{"taxonomy":"product_tag","embeddable":true,"href":"https:\/\/hingewear.com\/en\/wp-json\/wp\/v2\/product_tag?post=1330"}],"curies":[{"name":"wp","href":"https:\/\/api.w.org\/{rel}","templated":true}]}}