{"id":1332,"date":"2023-04-10T13:17:05","date_gmt":"2023-04-10T13:17:05","guid":{"rendered":"https:\/\/hingewear.com\/toode\/prillid-metall-must\/"},"modified":"2024-04-20T13:54:03","modified_gmt":"2024-04-20T10:54:03","slug":"hobedased-mustad-paikeseprillid-pr4","status":"publish","type":"product","link":"https:\/\/hingewear.com\/en\/product\/hobedased-mustad-paikeseprillid-pr4\/","title":{"rendered":"Mustad ja h\u00f5bedased p\u00e4ikeseprillid PR4"},"content":{"rendered":"<p>H\u00f5bedase metallist raamiga mustade klaasidega p\u00e4ikeseprillid.<\/p>\n<p>Prillidega on kaasas puhastuslapp ja prillikarp<\/p>","protected":false},"excerpt":{"rendered":"<p>H\u00f5bedase metallist raamiga mustade klaasidega p\u00e4ikeseprillid.<\/p>","protected":false},"featured_media":1910,"template":"","meta":[],"product_brand":[],"product_cat":[24],"product_tag":[],"class_list":{"0":"post-1332","1":"product","2":"type-product","3":"status-publish","4":"has-post-thumbnail","6":"product_cat-naised","7":"pa_klaasimaterjal-cat-3-uv400-pc-lens","8":"pa_klaasitoon-must","9":"pa_moodud-a-53-b-20-c-48-d-140-e-142","10":"pa_raam-metall","11":"pa_sugu-naised","13":"first","14":"instock","15":"taxable","16":"shipping-taxable","17":"purchasable","18":"product-type-simple"},"_links":{"self":[{"href":"https:\/\/hingewear.com\/en\/wp-json\/wp\/v2\/product\/1332","targetHints":{"allow":["GET"]}}],"collection":[{"href":"https:\/\/hingewear.com\/en\/wp-json\/wp\/v2\/product"}],"about":[{"href":"https:\/\/hingewear.com\/en\/wp-json\/wp\/v2\/types\/product"}],"wp:featuredmedia":[{"embeddable":true,"href":"https:\/\/hingewear.com\/en\/wp-json\/wp\/v2\/media\/1910"}],"wp:attachment":[{"href":"https:\/\/hingewear.com\/en\/wp-json\/wp\/v2\/media?parent=1332"}],"wp:term":[{"taxonomy":"product_brand","embeddable":true,"href":"https:\/\/hingewear.com\/en\/wp-json\/wp\/v2\/product_brand?post=1332"},{"taxonomy":"product_cat","embeddable":true,"href":"https:\/\/hingewear.com\/en\/wp-json\/wp\/v2\/product_cat?post=1332"},{"taxonomy":"product_tag","embeddable":true,"href":"https:\/\/hingewear.com\/en\/wp-json\/wp\/v2\/product_tag?post=1332"}],"curies":[{"name":"wp","href":"https:\/\/api.w.org\/{rel}","templated":true}]}}