{"id":1334,"date":"2023-04-10T13:17:05","date_gmt":"2023-04-10T13:17:05","guid":{"rendered":"https:\/\/hingewear.com\/toode\/prillid-tr90-must\/"},"modified":"2024-04-20T14:03:49","modified_gmt":"2024-04-20T11:03:49","slug":"meeste-paikeseprillid-polaroid-pr6","status":"publish","type":"product","link":"https:\/\/hingewear.com\/en\/product\/meeste-paikeseprillid-polaroid-pr6\/","title":{"rendered":"Meeste spordi ja vabaaja polaroid p\u00e4ikeseprillid PR6"},"content":{"rendered":"<p>Sportlikud ja kerged p\u00e4ikeseprillid, nii igap\u00e4evaseks kandmiseks kui ka sportimiseks. Polariseeritud musta v\u00e4rvi klaasidega.<\/p>\n<p>Prillidega on kaasas puhastuslapp ja prillikott.<\/p>","protected":false},"excerpt":{"rendered":"<p>Mugavad ja kerged spordi- ning vabaaja polariseeritud p\u00e4ikeseprillid.<\/p>","protected":false},"featured_media":1995,"template":"","meta":[],"product_brand":[],"product_cat":[25],"product_tag":[],"class_list":{"0":"post-1334","1":"product","2":"type-product","3":"status-publish","4":"has-post-thumbnail","6":"product_cat-mehed","7":"pa_klaasimaterjal-tac-polariseeritud-cat-3-uv400","8":"pa_klaasitoon-must","9":"pa_moodud-a-60-b-18-c-50-d-147-e-147","10":"pa_raam-tr90","11":"pa_sugu-mehed","13":"first","14":"instock","15":"taxable","16":"shipping-taxable","17":"purchasable","18":"product-type-simple"},"_links":{"self":[{"href":"https:\/\/hingewear.com\/en\/wp-json\/wp\/v2\/product\/1334","targetHints":{"allow":["GET"]}}],"collection":[{"href":"https:\/\/hingewear.com\/en\/wp-json\/wp\/v2\/product"}],"about":[{"href":"https:\/\/hingewear.com\/en\/wp-json\/wp\/v2\/types\/product"}],"wp:featuredmedia":[{"embeddable":true,"href":"https:\/\/hingewear.com\/en\/wp-json\/wp\/v2\/media\/1995"}],"wp:attachment":[{"href":"https:\/\/hingewear.com\/en\/wp-json\/wp\/v2\/media?parent=1334"}],"wp:term":[{"taxonomy":"product_brand","embeddable":true,"href":"https:\/\/hingewear.com\/en\/wp-json\/wp\/v2\/product_brand?post=1334"},{"taxonomy":"product_cat","embeddable":true,"href":"https:\/\/hingewear.com\/en\/wp-json\/wp\/v2\/product_cat?post=1334"},{"taxonomy":"product_tag","embeddable":true,"href":"https:\/\/hingewear.com\/en\/wp-json\/wp\/v2\/product_tag?post=1334"}],"curies":[{"name":"wp","href":"https:\/\/api.w.org\/{rel}","templated":true}]}}