{"id":1353,"date":"2023-04-10T13:17:10","date_gmt":"2023-04-10T13:17:10","guid":{"rendered":"https:\/\/hingewear.com\/toode\/prillid-pc-oranzikas-peegel\/"},"modified":"2024-04-20T13:41:54","modified_gmt":"2024-04-20T10:41:54","slug":"oranz-polaroid-paikeseprillid-pr25","status":"publish","type":"product","link":"https:\/\/hingewear.com\/en\/product\/oranz-polaroid-paikeseprillid-pr25\/","title":{"rendered":"Oran\u017ei peegelklaasiga polariseeritud p\u00e4ikeseprillid PR25"},"content":{"rendered":"<p>Musta raamiga, polariseeritud oran\u017ei peegelklaasidega p\u00e4ikeseprillid.<\/p>\n<p>Prillidega on kaasas puhastuslapp ja prillikott<\/p>","protected":false},"excerpt":{"rendered":"<p>Musta raamiga, polariseeritud oran\u017ei peegelklaasidega p\u00e4ikeseprillid.<\/p>","protected":false},"featured_media":1979,"template":"","meta":[],"product_brand":[],"product_cat":[25,24,26],"product_tag":[],"class_list":{"0":"post-1353","1":"product","2":"type-product","3":"status-publish","4":"has-post-thumbnail","6":"product_cat-mehed","7":"product_cat-naised","8":"product_cat-unisex","9":"pa_klaasimaterjal-cat-3-uv400-tac-polariseeritud","10":"pa_klaasitoon-oranzikas-peegel","11":"pa_moodud-a-50-b-20-c-43-d-140-e-140","12":"pa_raam-pc","13":"pa_sugu-unisex","15":"first","16":"instock","17":"taxable","18":"shipping-taxable","19":"purchasable","20":"product-type-simple"},"_links":{"self":[{"href":"https:\/\/hingewear.com\/en\/wp-json\/wp\/v2\/product\/1353","targetHints":{"allow":["GET"]}}],"collection":[{"href":"https:\/\/hingewear.com\/en\/wp-json\/wp\/v2\/product"}],"about":[{"href":"https:\/\/hingewear.com\/en\/wp-json\/wp\/v2\/types\/product"}],"wp:featuredmedia":[{"embeddable":true,"href":"https:\/\/hingewear.com\/en\/wp-json\/wp\/v2\/media\/1979"}],"wp:attachment":[{"href":"https:\/\/hingewear.com\/en\/wp-json\/wp\/v2\/media?parent=1353"}],"wp:term":[{"taxonomy":"product_brand","embeddable":true,"href":"https:\/\/hingewear.com\/en\/wp-json\/wp\/v2\/product_brand?post=1353"},{"taxonomy":"product_cat","embeddable":true,"href":"https:\/\/hingewear.com\/en\/wp-json\/wp\/v2\/product_cat?post=1353"},{"taxonomy":"product_tag","embeddable":true,"href":"https:\/\/hingewear.com\/en\/wp-json\/wp\/v2\/product_tag?post=1353"}],"curies":[{"name":"wp","href":"https:\/\/api.w.org\/{rel}","templated":true}]}}