{"id":1359,"date":"2023-04-10T13:17:10","date_gmt":"2023-04-10T13:17:10","guid":{"rendered":"https:\/\/hingewear.com\/toode\/prillid-pc-must-6\/"},"modified":"2024-04-20T13:27:59","modified_gmt":"2024-04-20T10:27:59","slug":"must-umar-paikeseprillid-pr31","status":"publish","type":"product","link":"https:\/\/hingewear.com\/en\/product\/must-umar-paikeseprillid-pr31\/","title":{"rendered":"Mustad \u00fcmara raamiga polariseeritud p\u00e4ikeseprillid PR31"},"content":{"rendered":"<p>Stiilsed \u00fcmara musta raamiga polariseeritud klaasidega p\u00e4ikeseprillid meestele. Raamil on on \u00fcleval tumepunane triip, mis lisab tootele erilisust.<\/p>\n<p>Prillidega on kaasas puhastuslapp ja prillikott<\/p>","protected":false},"excerpt":{"rendered":"<p>Stiilsed \u00fcmara musta raamiga polariseeritud klaasidega p\u00e4ikeseprillid meestele.<\/p>","protected":false},"featured_media":1994,"template":"","meta":[],"product_brand":[],"product_cat":[25],"product_tag":[],"class_list":{"0":"post-1359","1":"product","2":"type-product","3":"status-publish","4":"has-post-thumbnail","6":"product_cat-mehed","7":"pa_klaasimaterjal-cat-3-uv400-tac-polariseeritud","8":"pa_klaasitoon-must","9":"pa_moodud-a-57-b-19-c-55-d-143-e-140","10":"pa_raam-pc","11":"pa_sugu-mehed","13":"first","14":"instock","15":"taxable","16":"shipping-taxable","17":"purchasable","18":"product-type-simple"},"_links":{"self":[{"href":"https:\/\/hingewear.com\/en\/wp-json\/wp\/v2\/product\/1359","targetHints":{"allow":["GET"]}}],"collection":[{"href":"https:\/\/hingewear.com\/en\/wp-json\/wp\/v2\/product"}],"about":[{"href":"https:\/\/hingewear.com\/en\/wp-json\/wp\/v2\/types\/product"}],"wp:featuredmedia":[{"embeddable":true,"href":"https:\/\/hingewear.com\/en\/wp-json\/wp\/v2\/media\/1994"}],"wp:attachment":[{"href":"https:\/\/hingewear.com\/en\/wp-json\/wp\/v2\/media?parent=1359"}],"wp:term":[{"taxonomy":"product_brand","embeddable":true,"href":"https:\/\/hingewear.com\/en\/wp-json\/wp\/v2\/product_brand?post=1359"},{"taxonomy":"product_cat","embeddable":true,"href":"https:\/\/hingewear.com\/en\/wp-json\/wp\/v2\/product_cat?post=1359"},{"taxonomy":"product_tag","embeddable":true,"href":"https:\/\/hingewear.com\/en\/wp-json\/wp\/v2\/product_tag?post=1359"}],"curies":[{"name":"wp","href":"https:\/\/api.w.org\/{rel}","templated":true}]}}